{"id":3914,"date":"2021-03-07T00:02:34","date_gmt":"2021-03-06T23:02:34","guid":{"rendered":"https:\/\/yvisdesign.com\/?post_type=product&#038;p=3914"},"modified":"2024-12-08T13:59:25","modified_gmt":"2024-12-08T12:59:25","slug":"summer-vibes-silber","status":"publish","type":"product","link":"https:\/\/yvisdesign.com\/es\/producto\/summer-vibes-silber\/","title":{"rendered":"Summer Vibes"},"content":{"rendered":"","protected":false},"excerpt":{"rendered":"<p>Esta tobillera mide 26 cm de largo y est\u00e1 hecha de plata 925. Los corazones est\u00e1n unidos. La conclusi\u00f3n es un mosquet\u00f3n que se puede bloquear individualmente en un coraz\u00f3n y, por lo tanto, la tobillera adquiere el tama\u00f1o correcto.<\/p>","protected":false},"featured_media":3912,"template":"","meta":{"_themeisle_gutenberg_block_has_review":false},"product_cat":[22],"product_tag":[58,41,141,35],"jetpack_sharing_enabled":true,"_links":{"self":[{"href":"https:\/\/yvisdesign.com\/es\/wp-json\/wp\/v2\/product\/3914"}],"collection":[{"href":"https:\/\/yvisdesign.com\/es\/wp-json\/wp\/v2\/product"}],"about":[{"href":"https:\/\/yvisdesign.com\/es\/wp-json\/wp\/v2\/types\/product"}],"wp:featuredmedia":[{"embeddable":true,"href":"https:\/\/yvisdesign.com\/es\/wp-json\/wp\/v2\/media\/3912"}],"wp:attachment":[{"href":"https:\/\/yvisdesign.com\/es\/wp-json\/wp\/v2\/media?parent=3914"}],"wp:term":[{"taxonomy":"product_cat","embeddable":true,"href":"https:\/\/yvisdesign.com\/es\/wp-json\/wp\/v2\/product_cat?post=3914"},{"taxonomy":"product_tag","embeddable":true,"href":"https:\/\/yvisdesign.com\/es\/wp-json\/wp\/v2\/product_tag?post=3914"}],"curies":[{"name":"wp","href":"https:\/\/api.w.org\/{rel}","templated":true}]}}