{"id":4052,"date":"2021-04-14T19:14:45","date_gmt":"2021-04-14T17:14:45","guid":{"rendered":"https:\/\/yvisdesign.com\/?post_type=product&#038;p=4052"},"modified":"2021-09-13T17:27:26","modified_gmt":"2021-09-13T15:27:26","slug":"gold-platet-dolphin-family","status":"publish","type":"product","link":"https:\/\/yvisdesign.com\/es\/producto\/gold-platet-dolphin-family\/","title":{"rendered":"Dolphin Family gold-plated"},"content":{"rendered":"","protected":false},"excerpt":{"rendered":"<p>Se incorporaron 3 delfines a esta cadena de filigrana. La cadena est\u00e1 hecha de plata 925 ba\u00f1ada en oro y los delfines tienen un tama\u00f1o de aproximadamente 16 x 8 mm. Se han realizado seg\u00fan mi dise\u00f1o. Cada pieza de joyer\u00eda est\u00e1 dise\u00f1ada con el coraz\u00f3n en mente y hecha a mano con amor.<\/p>","protected":false},"featured_media":4050,"template":"","meta":{"_themeisle_gutenberg_block_has_review":false},"product_cat":[22,142,136],"product_tag":[58,138,210,134],"jetpack_sharing_enabled":true,"_links":{"self":[{"href":"https:\/\/yvisdesign.com\/es\/wp-json\/wp\/v2\/product\/4052"}],"collection":[{"href":"https:\/\/yvisdesign.com\/es\/wp-json\/wp\/v2\/product"}],"about":[{"href":"https:\/\/yvisdesign.com\/es\/wp-json\/wp\/v2\/types\/product"}],"wp:featuredmedia":[{"embeddable":true,"href":"https:\/\/yvisdesign.com\/es\/wp-json\/wp\/v2\/media\/4050"}],"wp:attachment":[{"href":"https:\/\/yvisdesign.com\/es\/wp-json\/wp\/v2\/media?parent=4052"}],"wp:term":[{"taxonomy":"product_cat","embeddable":true,"href":"https:\/\/yvisdesign.com\/es\/wp-json\/wp\/v2\/product_cat?post=4052"},{"taxonomy":"product_tag","embeddable":true,"href":"https:\/\/yvisdesign.com\/es\/wp-json\/wp\/v2\/product_tag?post=4052"}],"curies":[{"name":"wp","href":"https:\/\/api.w.org\/{rel}","templated":true}]}}