{"id":4053,"date":"2021-04-14T19:28:42","date_gmt":"2021-04-14T17:28:42","guid":{"rendered":"https:\/\/yvisdesign.com\/?post_type=product&#038;p=4053"},"modified":"2021-09-10T08:17:06","modified_gmt":"2021-09-10T06:17:06","slug":"gold-platet-true-dolphin-love","status":"publish","type":"product","link":"https:\/\/yvisdesign.com\/es\/producto\/gold-platet-true-dolphin-love\/","title":{"rendered":"True Dolphin Love gold-plated"},"content":{"rendered":"","protected":false},"excerpt":{"rendered":"<p>Esta cadena de filigrana consta de 2 delfines entrelazados y est\u00e1 hecha de plata 925 ba\u00f1ada en oro. Los delfines tienen un tama\u00f1o de aproximadamente 16 x 8 mm. Se han realizado seg\u00fan mi dise\u00f1o. Cada pieza de joyer\u00eda est\u00e1 dise\u00f1ada con el coraz\u00f3n en mente y hecha a mano con amor.<\/p>","protected":false},"featured_media":4051,"template":"","meta":{"_themeisle_gutenberg_block_has_review":false},"product_cat":[22,142,136],"product_tag":[58,138,210,134],"jetpack_sharing_enabled":true,"_links":{"self":[{"href":"https:\/\/yvisdesign.com\/es\/wp-json\/wp\/v2\/product\/4053"}],"collection":[{"href":"https:\/\/yvisdesign.com\/es\/wp-json\/wp\/v2\/product"}],"about":[{"href":"https:\/\/yvisdesign.com\/es\/wp-json\/wp\/v2\/types\/product"}],"wp:featuredmedia":[{"embeddable":true,"href":"https:\/\/yvisdesign.com\/es\/wp-json\/wp\/v2\/media\/4051"}],"wp:attachment":[{"href":"https:\/\/yvisdesign.com\/es\/wp-json\/wp\/v2\/media?parent=4053"}],"wp:term":[{"taxonomy":"product_cat","embeddable":true,"href":"https:\/\/yvisdesign.com\/es\/wp-json\/wp\/v2\/product_cat?post=4053"},{"taxonomy":"product_tag","embeddable":true,"href":"https:\/\/yvisdesign.com\/es\/wp-json\/wp\/v2\/product_tag?post=4053"}],"curies":[{"name":"wp","href":"https:\/\/api.w.org\/{rel}","templated":true}]}}