{"id":4121,"date":"2021-05-16T07:31:40","date_gmt":"2021-05-16T05:31:40","guid":{"rendered":"https:\/\/yvisdesign.com\/?post_type=product&#038;p=4121"},"modified":"2025-11-08T17:26:34","modified_gmt":"2025-11-08T16:26:34","slug":"heartbeat","status":"publish","type":"product","link":"https:\/\/yvisdesign.com\/es\/producto\/heartbeat\/","title":{"rendered":"Heartbeat"},"content":{"rendered":"","protected":false},"excerpt":{"rendered":"<p>Este anillo con su hermosa forma de coraz\u00f3n est\u00e1 hecho de plata 925 y fue dise\u00f1ado con gran atenci\u00f3n al detalle. Es posible insertar piedras preciosas individualmente. El anillo es una creaci\u00f3n propia. Cada pieza de joyer\u00eda est\u00e1 dise\u00f1ada con el coraz\u00f3n en mente y hecha a mano con amor.<\/p>","protected":false},"featured_media":5387,"template":"","meta":{"_themeisle_gutenberg_block_has_review":false},"product_cat":[22,62],"product_tag":[58,151],"jetpack_sharing_enabled":true,"_links":{"self":[{"href":"https:\/\/yvisdesign.com\/es\/wp-json\/wp\/v2\/product\/4121"}],"collection":[{"href":"https:\/\/yvisdesign.com\/es\/wp-json\/wp\/v2\/product"}],"about":[{"href":"https:\/\/yvisdesign.com\/es\/wp-json\/wp\/v2\/types\/product"}],"wp:featuredmedia":[{"embeddable":true,"href":"https:\/\/yvisdesign.com\/es\/wp-json\/wp\/v2\/media\/5387"}],"wp:attachment":[{"href":"https:\/\/yvisdesign.com\/es\/wp-json\/wp\/v2\/media?parent=4121"}],"wp:term":[{"taxonomy":"product_cat","embeddable":true,"href":"https:\/\/yvisdesign.com\/es\/wp-json\/wp\/v2\/product_cat?post=4121"},{"taxonomy":"product_tag","embeddable":true,"href":"https:\/\/yvisdesign.com\/es\/wp-json\/wp\/v2\/product_tag?post=4121"}],"curies":[{"name":"wp","href":"https:\/\/api.w.org\/{rel}","templated":true}]}}