{"id":4137,"date":"2021-05-16T09:14:42","date_gmt":"2021-05-16T07:14:42","guid":{"rendered":"https:\/\/yvisdesign.com\/?post_type=product&#038;p=4137"},"modified":"2025-11-08T17:22:52","modified_gmt":"2025-11-08T16:22:52","slug":"heart","status":"publish","type":"product","link":"https:\/\/yvisdesign.com\/es\/producto\/heart\/","title":{"rendered":"Heart"},"content":{"rendered":"","protected":false},"excerpt":{"rendered":"<p>Este anillo de filigrana en forma de coraz\u00f3n est\u00e1 hecho de plata 925. Cada pieza de joyer\u00eda est\u00e1 dise\u00f1ada con el coraz\u00f3n en mente y hecha a mano con amor.<\/p>","protected":false},"featured_media":4187,"template":"","meta":{"_themeisle_gutenberg_block_has_review":false},"product_cat":[22,62],"product_tag":[58,151],"jetpack_sharing_enabled":true,"_links":{"self":[{"href":"https:\/\/yvisdesign.com\/es\/wp-json\/wp\/v2\/product\/4137"}],"collection":[{"href":"https:\/\/yvisdesign.com\/es\/wp-json\/wp\/v2\/product"}],"about":[{"href":"https:\/\/yvisdesign.com\/es\/wp-json\/wp\/v2\/types\/product"}],"wp:featuredmedia":[{"embeddable":true,"href":"https:\/\/yvisdesign.com\/es\/wp-json\/wp\/v2\/media\/4187"}],"wp:attachment":[{"href":"https:\/\/yvisdesign.com\/es\/wp-json\/wp\/v2\/media?parent=4137"}],"wp:term":[{"taxonomy":"product_cat","embeddable":true,"href":"https:\/\/yvisdesign.com\/es\/wp-json\/wp\/v2\/product_cat?post=4137"},{"taxonomy":"product_tag","embeddable":true,"href":"https:\/\/yvisdesign.com\/es\/wp-json\/wp\/v2\/product_tag?post=4137"}],"curies":[{"name":"wp","href":"https:\/\/api.w.org\/{rel}","templated":true}]}}