{"id":4149,"date":"2021-05-16T09:29:19","date_gmt":"2021-05-16T07:29:19","guid":{"rendered":"https:\/\/yvisdesign.com\/?post_type=product&#038;p=4149"},"modified":"2025-11-08T17:21:45","modified_gmt":"2025-11-08T16:21:45","slug":"heart-gold-plated","status":"publish","type":"product","link":"https:\/\/yvisdesign.com\/es\/producto\/heart-gold-plated\/","title":{"rendered":"Heart gold-plated"},"content":{"rendered":"","protected":false},"excerpt":{"rendered":"<p>Este anillo de filigrana en forma de coraz\u00f3n est\u00e1 hecho de plata 925 ba\u00f1ada en oro (10 GP). Cada pieza de joyer\u00eda est\u00e1 dise\u00f1ada con el coraz\u00f3n en mente y hecha a mano con amor.<\/p>","protected":false},"featured_media":4189,"template":"","meta":{"_themeisle_gutenberg_block_has_review":false},"product_cat":[22,62],"product_tag":[58,151],"jetpack_sharing_enabled":true,"_links":{"self":[{"href":"https:\/\/yvisdesign.com\/es\/wp-json\/wp\/v2\/product\/4149"}],"collection":[{"href":"https:\/\/yvisdesign.com\/es\/wp-json\/wp\/v2\/product"}],"about":[{"href":"https:\/\/yvisdesign.com\/es\/wp-json\/wp\/v2\/types\/product"}],"wp:featuredmedia":[{"embeddable":true,"href":"https:\/\/yvisdesign.com\/es\/wp-json\/wp\/v2\/media\/4189"}],"wp:attachment":[{"href":"https:\/\/yvisdesign.com\/es\/wp-json\/wp\/v2\/media?parent=4149"}],"wp:term":[{"taxonomy":"product_cat","embeddable":true,"href":"https:\/\/yvisdesign.com\/es\/wp-json\/wp\/v2\/product_cat?post=4149"},{"taxonomy":"product_tag","embeddable":true,"href":"https:\/\/yvisdesign.com\/es\/wp-json\/wp\/v2\/product_tag?post=4149"}],"curies":[{"name":"wp","href":"https:\/\/api.w.org\/{rel}","templated":true}]}}