{"id":4231,"date":"2021-07-29T14:48:02","date_gmt":"2021-07-29T12:48:02","guid":{"rendered":"https:\/\/yvisdesign.com\/?post_type=product&#038;p=4231"},"modified":"2025-11-08T16:14:52","modified_gmt":"2025-11-08T15:14:52","slug":"princess-dream","status":"publish","type":"product","link":"https:\/\/yvisdesign.com\/es\/producto\/princess-dream\/","title":{"rendered":"Princess Dream"},"content":{"rendered":"","protected":false},"excerpt":{"rendered":"<p>Este brazalete con adornos de coraz\u00f3n de filigrana est\u00e1 hecho de plata 925. El brazalete es una creaci\u00f3n propia. Cada pieza de joyer\u00eda est\u00e1 dise\u00f1ada con el coraz\u00f3n en mente y hecha a mano con amor.<\/p>","protected":false},"featured_media":4659,"template":"","meta":{"_themeisle_gutenberg_block_has_review":false},"product_cat":[22,205,150],"product_tag":[147,34,58,35],"jetpack_sharing_enabled":true,"_links":{"self":[{"href":"https:\/\/yvisdesign.com\/es\/wp-json\/wp\/v2\/product\/4231"}],"collection":[{"href":"https:\/\/yvisdesign.com\/es\/wp-json\/wp\/v2\/product"}],"about":[{"href":"https:\/\/yvisdesign.com\/es\/wp-json\/wp\/v2\/types\/product"}],"wp:featuredmedia":[{"embeddable":true,"href":"https:\/\/yvisdesign.com\/es\/wp-json\/wp\/v2\/media\/4659"}],"wp:attachment":[{"href":"https:\/\/yvisdesign.com\/es\/wp-json\/wp\/v2\/media?parent=4231"}],"wp:term":[{"taxonomy":"product_cat","embeddable":true,"href":"https:\/\/yvisdesign.com\/es\/wp-json\/wp\/v2\/product_cat?post=4231"},{"taxonomy":"product_tag","embeddable":true,"href":"https:\/\/yvisdesign.com\/es\/wp-json\/wp\/v2\/product_tag?post=4231"}],"curies":[{"name":"wp","href":"https:\/\/api.w.org\/{rel}","templated":true}]}}