{"id":4233,"date":"2021-07-29T14:41:57","date_gmt":"2021-07-29T12:41:57","guid":{"rendered":"https:\/\/yvisdesign.com\/?post_type=product&#038;p=4233"},"modified":"2025-11-08T16:16:32","modified_gmt":"2025-11-08T15:16:32","slug":"princess-dream-gold-plated","status":"publish","type":"product","link":"https:\/\/yvisdesign.com\/es\/producto\/princess-dream-gold-plated\/","title":{"rendered":"Princess Dream gold-plated"},"content":{"rendered":"","protected":false},"excerpt":{"rendered":"<p>Este brazalete con adornos de coraz\u00f3n de filigrana est\u00e1 hecho de plata 925 ba\u00f1ada en oro. El brazalete es una creaci\u00f3n propia. Cada pieza de joyer\u00eda est\u00e1 dise\u00f1ada con el coraz\u00f3n en mente y hecha a mano con amor.<\/p>","protected":false},"featured_media":4660,"template":"","meta":{"_themeisle_gutenberg_block_has_review":false},"product_cat":[22,205,150],"product_tag":[147,34,58,134],"jetpack_sharing_enabled":true,"_links":{"self":[{"href":"https:\/\/yvisdesign.com\/es\/wp-json\/wp\/v2\/product\/4233"}],"collection":[{"href":"https:\/\/yvisdesign.com\/es\/wp-json\/wp\/v2\/product"}],"about":[{"href":"https:\/\/yvisdesign.com\/es\/wp-json\/wp\/v2\/types\/product"}],"wp:featuredmedia":[{"embeddable":true,"href":"https:\/\/yvisdesign.com\/es\/wp-json\/wp\/v2\/media\/4660"}],"wp:attachment":[{"href":"https:\/\/yvisdesign.com\/es\/wp-json\/wp\/v2\/media?parent=4233"}],"wp:term":[{"taxonomy":"product_cat","embeddable":true,"href":"https:\/\/yvisdesign.com\/es\/wp-json\/wp\/v2\/product_cat?post=4233"},{"taxonomy":"product_tag","embeddable":true,"href":"https:\/\/yvisdesign.com\/es\/wp-json\/wp\/v2\/product_tag?post=4233"}],"curies":[{"name":"wp","href":"https:\/\/api.w.org\/{rel}","templated":true}]}}