{"id":4527,"date":"2021-09-05T19:06:25","date_gmt":"2021-09-05T17:06:25","guid":{"rendered":"https:\/\/yvisdesign.com\/?post_type=product&#038;p=4527"},"modified":"2025-11-08T17:14:31","modified_gmt":"2025-11-08T16:14:31","slug":"little-princess","status":"publish","type":"product","link":"https:\/\/yvisdesign.com\/es\/producto\/little-princess\/","title":{"rendered":"Little Princess"},"content":{"rendered":"","protected":false},"excerpt":{"rendered":"<p>Este anillo con adornos de coraz\u00f3n de filigrana est\u00e1 hecho de plata 925. El anillo es una creaci\u00f3n propia. Cada pieza de joyer\u00eda est\u00e1 dise\u00f1ada con el coraz\u00f3n en mente y hecha a mano con amor.<\/p>","protected":false},"featured_media":4680,"template":"","meta":{"_themeisle_gutenberg_block_has_review":false},"product_cat":[22,62],"product_tag":[58,64],"jetpack_sharing_enabled":true,"_links":{"self":[{"href":"https:\/\/yvisdesign.com\/es\/wp-json\/wp\/v2\/product\/4527"}],"collection":[{"href":"https:\/\/yvisdesign.com\/es\/wp-json\/wp\/v2\/product"}],"about":[{"href":"https:\/\/yvisdesign.com\/es\/wp-json\/wp\/v2\/types\/product"}],"wp:featuredmedia":[{"embeddable":true,"href":"https:\/\/yvisdesign.com\/es\/wp-json\/wp\/v2\/media\/4680"}],"wp:attachment":[{"href":"https:\/\/yvisdesign.com\/es\/wp-json\/wp\/v2\/media?parent=4527"}],"wp:term":[{"taxonomy":"product_cat","embeddable":true,"href":"https:\/\/yvisdesign.com\/es\/wp-json\/wp\/v2\/product_cat?post=4527"},{"taxonomy":"product_tag","embeddable":true,"href":"https:\/\/yvisdesign.com\/es\/wp-json\/wp\/v2\/product_tag?post=4527"}],"curies":[{"name":"wp","href":"https:\/\/api.w.org\/{rel}","templated":true}]}}