{"id":4558,"date":"2021-09-13T12:07:20","date_gmt":"2021-09-13T10:07:20","guid":{"rendered":"https:\/\/yvisdesign.com\/?post_type=product&#038;p=4558"},"modified":"2021-09-13T17:36:21","modified_gmt":"2021-09-13T15:36:21","slug":"angel-gold-plated","status":"publish","type":"product","link":"https:\/\/yvisdesign.com\/es\/producto\/angel-gold-plated\/","title":{"rendered":"Angel gold-plated"},"content":{"rendered":"","protected":false},"excerpt":{"rendered":"<p>Este colgante tiene la forma de un \u00e1ngel que se puede enhebrar f\u00e1cilmente en cualquier cadena. Est\u00e1 realizado en plata 925 ba\u00f1ada en oro y tiene un tama\u00f1o de 18 x 15 mm. Este \u00e1ngel es una creaci\u00f3n propia. Cada pieza de joyer\u00eda est\u00e1 dise\u00f1ada con el coraz\u00f3n en mente y hecha a mano con amor.<\/p>","protected":false},"featured_media":4707,"template":"","meta":{"_themeisle_gutenberg_block_has_review":false},"product_cat":[22,29],"product_tag":[42,58,41,134],"jetpack_sharing_enabled":true,"_links":{"self":[{"href":"https:\/\/yvisdesign.com\/es\/wp-json\/wp\/v2\/product\/4558"}],"collection":[{"href":"https:\/\/yvisdesign.com\/es\/wp-json\/wp\/v2\/product"}],"about":[{"href":"https:\/\/yvisdesign.com\/es\/wp-json\/wp\/v2\/types\/product"}],"wp:featuredmedia":[{"embeddable":true,"href":"https:\/\/yvisdesign.com\/es\/wp-json\/wp\/v2\/media\/4707"}],"wp:attachment":[{"href":"https:\/\/yvisdesign.com\/es\/wp-json\/wp\/v2\/media?parent=4558"}],"wp:term":[{"taxonomy":"product_cat","embeddable":true,"href":"https:\/\/yvisdesign.com\/es\/wp-json\/wp\/v2\/product_cat?post=4558"},{"taxonomy":"product_tag","embeddable":true,"href":"https:\/\/yvisdesign.com\/es\/wp-json\/wp\/v2\/product_tag?post=4558"}],"curies":[{"name":"wp","href":"https:\/\/api.w.org\/{rel}","templated":true}]}}