{"id":4592,"date":"2021-08-26T23:33:33","date_gmt":"2021-08-26T21:33:33","guid":{"rendered":"https:\/\/yvisdesign.com\/?post_type=product&#038;p=4592"},"modified":"2025-11-09T23:45:06","modified_gmt":"2025-11-09T22:45:06","slug":"holy-soul-2","status":"publish","type":"product","link":"https:\/\/yvisdesign.com\/es\/producto\/holy-soul-2\/","title":{"rendered":"Holy Soul"},"content":{"rendered":"","protected":false},"excerpt":{"rendered":"<p>Esta hermosa pulsera consta de bolas de rudraksha y lava pulidas redondas de 8 mm de tama\u00f1o, que se ensartan en una banda el\u00e1stica de 0,7 mm de grosor. Hay un s\u00edmbolo OM realizado en plata 925. Cada pieza de joyer\u00eda est\u00e1 dise\u00f1ada con el coraz\u00f3n en mente y hecha a mano con amor.<\/p>","protected":false},"featured_media":4833,"template":"","meta":{"_themeisle_gutenberg_block_has_review":false},"product_cat":[21,32],"product_tag":[46,56],"jetpack_sharing_enabled":true,"_links":{"self":[{"href":"https:\/\/yvisdesign.com\/es\/wp-json\/wp\/v2\/product\/4592"}],"collection":[{"href":"https:\/\/yvisdesign.com\/es\/wp-json\/wp\/v2\/product"}],"about":[{"href":"https:\/\/yvisdesign.com\/es\/wp-json\/wp\/v2\/types\/product"}],"wp:featuredmedia":[{"embeddable":true,"href":"https:\/\/yvisdesign.com\/es\/wp-json\/wp\/v2\/media\/4833"}],"wp:attachment":[{"href":"https:\/\/yvisdesign.com\/es\/wp-json\/wp\/v2\/media?parent=4592"}],"wp:term":[{"taxonomy":"product_cat","embeddable":true,"href":"https:\/\/yvisdesign.com\/es\/wp-json\/wp\/v2\/product_cat?post=4592"},{"taxonomy":"product_tag","embeddable":true,"href":"https:\/\/yvisdesign.com\/es\/wp-json\/wp\/v2\/product_tag?post=4592"}],"curies":[{"name":"wp","href":"https:\/\/api.w.org\/{rel}","templated":true}]}}