{"id":4685,"date":"2021-09-07T20:56:17","date_gmt":"2021-09-07T18:56:17","guid":{"rendered":"https:\/\/yvisdesign.com\/?post_type=product&#038;p=4685"},"modified":"2025-11-08T16:10:47","modified_gmt":"2025-11-08T15:10:47","slug":"love-peace","status":"publish","type":"product","link":"https:\/\/yvisdesign.com\/es\/producto\/love-peace\/","title":{"rendered":"Love &#038; Peace"},"content":{"rendered":"","protected":false},"excerpt":{"rendered":"<p>La pulsera de lapisl\u00e1zuli consta de piedras de lapisl\u00e1zuli facetadas de 4 mm. Un coraz\u00f3n de plata 925 ba\u00f1ada en oro est\u00e1 trabajado en la pulsera, que mide 18 x 15 mm. El coraz\u00f3n es una creaci\u00f3n propia. La pulsera est\u00e1 enhebrada en una banda el\u00e1stica de 0,7 mm de grosor y el extremo est\u00e1 formado por una bola de plata de 4 mm. Cada pieza de joyer\u00eda est\u00e1 dise\u00f1ada con el coraz\u00f3n en mente y hecha a mano con amor.<\/p>","protected":false},"featured_media":4722,"template":"","meta":{"_themeisle_gutenberg_block_has_review":false},"product_cat":[22,205,206],"product_tag":[33,34,58,134],"jetpack_sharing_enabled":true,"_links":{"self":[{"href":"https:\/\/yvisdesign.com\/es\/wp-json\/wp\/v2\/product\/4685"}],"collection":[{"href":"https:\/\/yvisdesign.com\/es\/wp-json\/wp\/v2\/product"}],"about":[{"href":"https:\/\/yvisdesign.com\/es\/wp-json\/wp\/v2\/types\/product"}],"wp:featuredmedia":[{"embeddable":true,"href":"https:\/\/yvisdesign.com\/es\/wp-json\/wp\/v2\/media\/4722"}],"wp:attachment":[{"href":"https:\/\/yvisdesign.com\/es\/wp-json\/wp\/v2\/media?parent=4685"}],"wp:term":[{"taxonomy":"product_cat","embeddable":true,"href":"https:\/\/yvisdesign.com\/es\/wp-json\/wp\/v2\/product_cat?post=4685"},{"taxonomy":"product_tag","embeddable":true,"href":"https:\/\/yvisdesign.com\/es\/wp-json\/wp\/v2\/product_tag?post=4685"}],"curies":[{"name":"wp","href":"https:\/\/api.w.org\/{rel}","templated":true}]}}