{"id":4709,"date":"2021-09-13T17:45:54","date_gmt":"2021-09-13T15:45:54","guid":{"rendered":"https:\/\/yvisdesign.com\/?post_type=product&#038;p=4709"},"modified":"2021-09-13T17:45:55","modified_gmt":"2021-09-13T15:45:55","slug":"angel-rose-gold-plated","status":"publish","type":"product","link":"https:\/\/yvisdesign.com\/es\/producto\/angel-rose-gold-plated\/","title":{"rendered":"Angel Ros\u00e9 gold-plated"},"content":{"rendered":"","protected":false},"excerpt":{"rendered":"<p>Este colgante tiene la forma de un \u00e1ngel que se puede enhebrar f\u00e1cilmente en cualquier cadena. Est\u00e1 realizado en plata 925 ba\u00f1ada en oro rosa y tiene un tama\u00f1o de 18 x 15 mm. Este \u00e1ngel es una creaci\u00f3n propia. Cada pieza de joyer\u00eda est\u00e1 dise\u00f1ada con el coraz\u00f3n en mente y hecha a mano con amor.<\/p>","protected":false},"featured_media":4706,"template":"","meta":{"_themeisle_gutenberg_block_has_review":false},"product_cat":[22,29],"product_tag":[42,58,41,208],"jetpack_sharing_enabled":true,"_links":{"self":[{"href":"https:\/\/yvisdesign.com\/es\/wp-json\/wp\/v2\/product\/4709"}],"collection":[{"href":"https:\/\/yvisdesign.com\/es\/wp-json\/wp\/v2\/product"}],"about":[{"href":"https:\/\/yvisdesign.com\/es\/wp-json\/wp\/v2\/types\/product"}],"wp:featuredmedia":[{"embeddable":true,"href":"https:\/\/yvisdesign.com\/es\/wp-json\/wp\/v2\/media\/4706"}],"wp:attachment":[{"href":"https:\/\/yvisdesign.com\/es\/wp-json\/wp\/v2\/media?parent=4709"}],"wp:term":[{"taxonomy":"product_cat","embeddable":true,"href":"https:\/\/yvisdesign.com\/es\/wp-json\/wp\/v2\/product_cat?post=4709"},{"taxonomy":"product_tag","embeddable":true,"href":"https:\/\/yvisdesign.com\/es\/wp-json\/wp\/v2\/product_tag?post=4709"}],"curies":[{"name":"wp","href":"https:\/\/api.w.org\/{rel}","templated":true}]}}