{"id":4711,"date":"2021-09-30T20:36:53","date_gmt":"2021-09-30T18:36:53","guid":{"rendered":"https:\/\/yvisdesign.com\/?post_type=product&#038;p=4711"},"modified":"2021-09-30T20:44:49","modified_gmt":"2021-09-30T18:44:49","slug":"love-gold-plated","status":"publish","type":"product","link":"https:\/\/yvisdesign.com\/es\/producto\/love-gold-plated\/","title":{"rendered":"Love gold-plated"},"content":{"rendered":"","protected":false},"excerpt":{"rendered":"<p>Este colgante tiene la forma de un coraz\u00f3n que se puede enhebrar f\u00e1cilmente en cualquier cadena. Est\u00e1 realizado en plata con ba\u00f1o de oro 925 y tiene un tama\u00f1o de 15 x 15 mm. Este coraz\u00f3n es una creaci\u00f3n propia. Cada pieza de joyer\u00eda est\u00e1 dise\u00f1ada con el coraz\u00f3n en mente y hecha a mano con amor.<\/p>","protected":false},"featured_media":4829,"template":"","meta":{"_themeisle_gutenberg_block_has_review":false},"product_cat":[22,29],"product_tag":[42,58,41,134],"jetpack_sharing_enabled":true,"_links":{"self":[{"href":"https:\/\/yvisdesign.com\/es\/wp-json\/wp\/v2\/product\/4711"}],"collection":[{"href":"https:\/\/yvisdesign.com\/es\/wp-json\/wp\/v2\/product"}],"about":[{"href":"https:\/\/yvisdesign.com\/es\/wp-json\/wp\/v2\/types\/product"}],"wp:featuredmedia":[{"embeddable":true,"href":"https:\/\/yvisdesign.com\/es\/wp-json\/wp\/v2\/media\/4829"}],"wp:attachment":[{"href":"https:\/\/yvisdesign.com\/es\/wp-json\/wp\/v2\/media?parent=4711"}],"wp:term":[{"taxonomy":"product_cat","embeddable":true,"href":"https:\/\/yvisdesign.com\/es\/wp-json\/wp\/v2\/product_cat?post=4711"},{"taxonomy":"product_tag","embeddable":true,"href":"https:\/\/yvisdesign.com\/es\/wp-json\/wp\/v2\/product_tag?post=4711"}],"curies":[{"name":"wp","href":"https:\/\/api.w.org\/{rel}","templated":true}]}}