{"id":4712,"date":"2021-09-30T20:38:10","date_gmt":"2021-09-30T18:38:10","guid":{"rendered":"https:\/\/yvisdesign.com\/?post_type=product&#038;p=4712"},"modified":"2021-09-30T20:38:11","modified_gmt":"2021-09-30T18:38:11","slug":"love-rose-gold-plated","status":"publish","type":"product","link":"https:\/\/yvisdesign.com\/es\/producto\/love-rose-gold-plated\/","title":{"rendered":"Love ros\u00e9 gold-plated"},"content":{"rendered":"","protected":false},"excerpt":{"rendered":"<p>Este colgante tiene la forma de un coraz\u00f3n que se puede enhebrar f\u00e1cilmente en cualquier cadena. Est\u00e1 elaborado en plata con ba\u00f1o de oro rosa 925 y tiene un tama\u00f1o de 15 x 15 mm. Este coraz\u00f3n es una creaci\u00f3n propia. Cada pieza de joyer\u00eda est\u00e1 dise\u00f1ada con el coraz\u00f3n en mente y hecha a mano con amor.<\/p>","protected":false},"featured_media":4826,"template":"","meta":{"_themeisle_gutenberg_block_has_review":false},"product_cat":[22,29],"product_tag":[42,58,41,208],"jetpack_sharing_enabled":true,"_links":{"self":[{"href":"https:\/\/yvisdesign.com\/es\/wp-json\/wp\/v2\/product\/4712"}],"collection":[{"href":"https:\/\/yvisdesign.com\/es\/wp-json\/wp\/v2\/product"}],"about":[{"href":"https:\/\/yvisdesign.com\/es\/wp-json\/wp\/v2\/types\/product"}],"wp:featuredmedia":[{"embeddable":true,"href":"https:\/\/yvisdesign.com\/es\/wp-json\/wp\/v2\/media\/4826"}],"wp:attachment":[{"href":"https:\/\/yvisdesign.com\/es\/wp-json\/wp\/v2\/media?parent=4712"}],"wp:term":[{"taxonomy":"product_cat","embeddable":true,"href":"https:\/\/yvisdesign.com\/es\/wp-json\/wp\/v2\/product_cat?post=4712"},{"taxonomy":"product_tag","embeddable":true,"href":"https:\/\/yvisdesign.com\/es\/wp-json\/wp\/v2\/product_tag?post=4712"}],"curies":[{"name":"wp","href":"https:\/\/api.w.org\/{rel}","templated":true}]}}