{"id":4721,"date":"2021-09-13T19:46:53","date_gmt":"2021-09-13T17:46:53","guid":{"rendered":"https:\/\/yvisdesign.com\/?post_type=product&#038;p=4721"},"modified":"2021-09-13T19:46:54","modified_gmt":"2021-09-13T17:46:54","slug":"hearts-of-love-gold-plated","status":"publish","type":"product","link":"https:\/\/yvisdesign.com\/es\/producto\/hearts-of-love-gold-plated\/","title":{"rendered":"Hearts Of Love gold-plated"},"content":{"rendered":"","protected":false},"excerpt":{"rendered":"<p>Este collar est\u00e1 hecho de plata con ba\u00f1o de oro 925. Los corazones est\u00e1n unidos. Un cierre de mosquet\u00f3n forma el final.<\/p>","protected":false},"featured_media":4720,"template":"","meta":{"_themeisle_gutenberg_block_has_review":false},"product_cat":[22,142,136],"product_tag":[58,138,51,134],"jetpack_sharing_enabled":true,"_links":{"self":[{"href":"https:\/\/yvisdesign.com\/es\/wp-json\/wp\/v2\/product\/4721"}],"collection":[{"href":"https:\/\/yvisdesign.com\/es\/wp-json\/wp\/v2\/product"}],"about":[{"href":"https:\/\/yvisdesign.com\/es\/wp-json\/wp\/v2\/types\/product"}],"wp:featuredmedia":[{"embeddable":true,"href":"https:\/\/yvisdesign.com\/es\/wp-json\/wp\/v2\/media\/4720"}],"wp:attachment":[{"href":"https:\/\/yvisdesign.com\/es\/wp-json\/wp\/v2\/media?parent=4721"}],"wp:term":[{"taxonomy":"product_cat","embeddable":true,"href":"https:\/\/yvisdesign.com\/es\/wp-json\/wp\/v2\/product_cat?post=4721"},{"taxonomy":"product_tag","embeddable":true,"href":"https:\/\/yvisdesign.com\/es\/wp-json\/wp\/v2\/product_tag?post=4721"}],"curies":[{"name":"wp","href":"https:\/\/api.w.org\/{rel}","templated":true}]}}