{"id":4798,"date":"2021-09-26T18:52:28","date_gmt":"2021-09-26T16:52:28","guid":{"rendered":"https:\/\/yvisdesign.com\/?post_type=product&#038;p=4798"},"modified":"2025-11-09T23:44:14","modified_gmt":"2025-11-09T22:44:14","slug":"growth","status":"publish","type":"product","link":"https:\/\/yvisdesign.com\/es\/producto\/growth\/","title":{"rendered":"Growth"},"content":{"rendered":"","protected":false},"excerpt":{"rendered":"<p>Esta hermosa pulsera consta de bolas redondas de obsidiana copo de nieve, cuarzo rosa y lapisl\u00e1zuli de 8 mm de tama\u00f1o, que se ensartan en una banda el\u00e1stica de 0,7 mm de grosor. La conclusi\u00f3n es una bola plateada de 4 mm. Cada pieza de joyer\u00eda est\u00e1 dise\u00f1ada con el coraz\u00f3n en mente y hecha a mano con amor.<\/p>","protected":false},"featured_media":4823,"template":"","meta":{"_themeisle_gutenberg_block_has_review":false},"product_cat":[21,32],"product_tag":[33,46,56,35],"jetpack_sharing_enabled":true,"_links":{"self":[{"href":"https:\/\/yvisdesign.com\/es\/wp-json\/wp\/v2\/product\/4798"}],"collection":[{"href":"https:\/\/yvisdesign.com\/es\/wp-json\/wp\/v2\/product"}],"about":[{"href":"https:\/\/yvisdesign.com\/es\/wp-json\/wp\/v2\/types\/product"}],"wp:featuredmedia":[{"embeddable":true,"href":"https:\/\/yvisdesign.com\/es\/wp-json\/wp\/v2\/media\/4823"}],"wp:attachment":[{"href":"https:\/\/yvisdesign.com\/es\/wp-json\/wp\/v2\/media?parent=4798"}],"wp:term":[{"taxonomy":"product_cat","embeddable":true,"href":"https:\/\/yvisdesign.com\/es\/wp-json\/wp\/v2\/product_cat?post=4798"},{"taxonomy":"product_tag","embeddable":true,"href":"https:\/\/yvisdesign.com\/es\/wp-json\/wp\/v2\/product_tag?post=4798"}],"curies":[{"name":"wp","href":"https:\/\/api.w.org\/{rel}","templated":true}]}}