{"id":4847,"date":"2021-10-05T19:16:45","date_gmt":"2021-10-05T17:16:45","guid":{"rendered":"https:\/\/yvisdesign.com\/?post_type=product&#038;p=4847"},"modified":"2025-11-08T10:59:39","modified_gmt":"2025-11-08T09:59:39","slug":"angle-whisper","status":"publish","type":"product","link":"https:\/\/yvisdesign.com\/es\/producto\/angle-whisper\/","title":{"rendered":"Little Angle Whisper"},"content":{"rendered":"","protected":false},"excerpt":{"rendered":"<p>Esta hermosa pulsera consta de piedras de \u00f3palo facetadas de 4 mm de tama\u00f1o, que se enroscan en una banda el\u00e1stica de 0,7 mm de grosor. Se incorpora un ala de \u00e1ngel. Tiene un tama\u00f1o de 15 mm y est\u00e1 hecho de plata 925 ba\u00f1ada en oro. Cada pieza de joyer\u00eda est\u00e1 dise\u00f1ada con el coraz\u00f3n en mente y hecha a mano con amor.<\/p>","protected":false},"featured_media":4843,"template":"","meta":{"_themeisle_gutenberg_block_has_review":false},"product_cat":[22,205,206],"product_tag":[33,34,58,134],"jetpack_sharing_enabled":true,"_links":{"self":[{"href":"https:\/\/yvisdesign.com\/es\/wp-json\/wp\/v2\/product\/4847"}],"collection":[{"href":"https:\/\/yvisdesign.com\/es\/wp-json\/wp\/v2\/product"}],"about":[{"href":"https:\/\/yvisdesign.com\/es\/wp-json\/wp\/v2\/types\/product"}],"wp:featuredmedia":[{"embeddable":true,"href":"https:\/\/yvisdesign.com\/es\/wp-json\/wp\/v2\/media\/4843"}],"wp:attachment":[{"href":"https:\/\/yvisdesign.com\/es\/wp-json\/wp\/v2\/media?parent=4847"}],"wp:term":[{"taxonomy":"product_cat","embeddable":true,"href":"https:\/\/yvisdesign.com\/es\/wp-json\/wp\/v2\/product_cat?post=4847"},{"taxonomy":"product_tag","embeddable":true,"href":"https:\/\/yvisdesign.com\/es\/wp-json\/wp\/v2\/product_tag?post=4847"}],"curies":[{"name":"wp","href":"https:\/\/api.w.org\/{rel}","templated":true}]}}