{"id":4853,"date":"2021-10-05T19:15:48","date_gmt":"2021-10-05T17:15:48","guid":{"rendered":"https:\/\/yvisdesign.com\/?post_type=product&#038;p=4853"},"modified":"2021-10-05T19:15:49","modified_gmt":"2021-10-05T17:15:49","slug":"angel-whisper-couple","status":"publish","type":"product","link":"https:\/\/yvisdesign.com\/es\/producto\/angel-whisper-couple\/","title":{"rendered":"Angel Whisper Couple"},"content":{"rendered":"<hr \/>\n<p>&nbsp;<\/p>","protected":false},"excerpt":{"rendered":"<p>Estos colgantes para pendientes de aro constan cada uno de una piedra de \u00f3palo facetada de 4 mm de largo y un ala de \u00e1ngel incorporada de 15 mm de grande de plata 925 ba\u00f1ada en oro. Los colgantes se pueden quitar f\u00e1cilmente y unir a otros pendientes de aro. Cada pieza de joyer\u00eda est\u00e1 dise\u00f1ada con el coraz\u00f3n en mente y hecha a mano con amor.<span class=\"Apple-converted-space\">\u00a0<\/span><\/p>","protected":false},"featured_media":4855,"template":"","meta":{"_themeisle_gutenberg_block_has_review":false},"product_cat":[22,126],"product_tag":[127,58,134],"jetpack_sharing_enabled":true,"_links":{"self":[{"href":"https:\/\/yvisdesign.com\/es\/wp-json\/wp\/v2\/product\/4853"}],"collection":[{"href":"https:\/\/yvisdesign.com\/es\/wp-json\/wp\/v2\/product"}],"about":[{"href":"https:\/\/yvisdesign.com\/es\/wp-json\/wp\/v2\/types\/product"}],"wp:featuredmedia":[{"embeddable":true,"href":"https:\/\/yvisdesign.com\/es\/wp-json\/wp\/v2\/media\/4855"}],"wp:attachment":[{"href":"https:\/\/yvisdesign.com\/es\/wp-json\/wp\/v2\/media?parent=4853"}],"wp:term":[{"taxonomy":"product_cat","embeddable":true,"href":"https:\/\/yvisdesign.com\/es\/wp-json\/wp\/v2\/product_cat?post=4853"},{"taxonomy":"product_tag","embeddable":true,"href":"https:\/\/yvisdesign.com\/es\/wp-json\/wp\/v2\/product_tag?post=4853"}],"curies":[{"name":"wp","href":"https:\/\/api.w.org\/{rel}","templated":true}]}}