{"id":4922,"date":"2021-10-06T10:55:28","date_gmt":"2021-10-06T08:55:28","guid":{"rendered":"https:\/\/yvisdesign.com\/?post_type=product&#038;p=4922"},"modified":"2025-11-08T16:07:37","modified_gmt":"2025-11-08T15:07:37","slug":"lucky-charm-4","status":"publish","type":"product","link":"https:\/\/yvisdesign.com\/es\/producto\/lucky-charm-4\/","title":{"rendered":"Lucky Charm"},"content":{"rendered":"","protected":false},"excerpt":{"rendered":"<p>Esta hermosa pulsera consta de bolas de shungit de 6 mm de largo, que se enroscan en una banda el\u00e1stica de 0,7 mm de grosor. Se incorpora un \u00e1rbol de la vida. Tiene 17 mm de alto, est\u00e1 hecho de plata 925 y es una creaci\u00f3n propia. Cada pieza de joyer\u00eda est\u00e1 dise\u00f1ada con el coraz\u00f3n en mente y hecha a mano con amor.<\/p>","protected":false},"featured_media":4838,"template":"","meta":{"_themeisle_gutenberg_block_has_review":false},"product_cat":[22,205,206],"product_tag":[33,34,58,35],"jetpack_sharing_enabled":true,"_links":{"self":[{"href":"https:\/\/yvisdesign.com\/es\/wp-json\/wp\/v2\/product\/4922"}],"collection":[{"href":"https:\/\/yvisdesign.com\/es\/wp-json\/wp\/v2\/product"}],"about":[{"href":"https:\/\/yvisdesign.com\/es\/wp-json\/wp\/v2\/types\/product"}],"wp:featuredmedia":[{"embeddable":true,"href":"https:\/\/yvisdesign.com\/es\/wp-json\/wp\/v2\/media\/4838"}],"wp:attachment":[{"href":"https:\/\/yvisdesign.com\/es\/wp-json\/wp\/v2\/media?parent=4922"}],"wp:term":[{"taxonomy":"product_cat","embeddable":true,"href":"https:\/\/yvisdesign.com\/es\/wp-json\/wp\/v2\/product_cat?post=4922"},{"taxonomy":"product_tag","embeddable":true,"href":"https:\/\/yvisdesign.com\/es\/wp-json\/wp\/v2\/product_tag?post=4922"}],"curies":[{"name":"wp","href":"https:\/\/api.w.org\/{rel}","templated":true}]}}