{"id":4928,"date":"2021-10-06T11:39:45","date_gmt":"2021-10-06T09:39:45","guid":{"rendered":"https:\/\/yvisdesign.com\/?post_type=product&#038;p=4928"},"modified":"2025-11-09T23:43:14","modified_gmt":"2025-11-09T22:43:14","slug":"lucky-opal","status":"publish","type":"product","link":"https:\/\/yvisdesign.com\/es\/producto\/lucky-opal\/","title":{"rendered":"Lucky Opal"},"content":{"rendered":"","protected":false},"excerpt":{"rendered":"<p>Esta hermosa pulsera consta de bolas de shungit de 8 mm de largo, que se enroscan en una banda el\u00e1stica de 1 mm de grosor. Se incorporan tres bolas de \u00f3palo de 8 mm. La conclusi\u00f3n es una bola plateada de 5 mm. Cada pieza de joyer\u00eda est\u00e1 dise\u00f1ada con el coraz\u00f3n en mente y hecha a mano con amor.<\/p>","protected":false},"featured_media":4938,"template":"","meta":{"_themeisle_gutenberg_block_has_review":false},"product_cat":[21,32],"product_tag":[33,37,56,35],"jetpack_sharing_enabled":true,"_links":{"self":[{"href":"https:\/\/yvisdesign.com\/es\/wp-json\/wp\/v2\/product\/4928"}],"collection":[{"href":"https:\/\/yvisdesign.com\/es\/wp-json\/wp\/v2\/product"}],"about":[{"href":"https:\/\/yvisdesign.com\/es\/wp-json\/wp\/v2\/types\/product"}],"wp:featuredmedia":[{"embeddable":true,"href":"https:\/\/yvisdesign.com\/es\/wp-json\/wp\/v2\/media\/4938"}],"wp:attachment":[{"href":"https:\/\/yvisdesign.com\/es\/wp-json\/wp\/v2\/media?parent=4928"}],"wp:term":[{"taxonomy":"product_cat","embeddable":true,"href":"https:\/\/yvisdesign.com\/es\/wp-json\/wp\/v2\/product_cat?post=4928"},{"taxonomy":"product_tag","embeddable":true,"href":"https:\/\/yvisdesign.com\/es\/wp-json\/wp\/v2\/product_tag?post=4928"}],"curies":[{"name":"wp","href":"https:\/\/api.w.org\/{rel}","templated":true}]}}