{"id":4993,"date":"2021-10-10T21:27:46","date_gmt":"2021-10-10T19:27:46","guid":{"rendered":"https:\/\/yvisdesign.com\/?post_type=product&#038;p=4993"},"modified":"2022-03-11T15:22:45","modified_gmt":"2022-03-11T14:22:45","slug":"communication","status":"publish","type":"product","link":"https:\/\/yvisdesign.com\/es\/producto\/communication\/","title":{"rendered":"Communication"},"content":{"rendered":"","protected":false},"excerpt":{"rendered":"<p>Este hermoso collar mide aproximadamente 60 cm de largo y consta de piedras turquesas facetadas de 3 mm de tama\u00f1o. En el medio de la cadena hay una mariposa de plata 925 ba\u00f1ada en oro. Este tiene un tama\u00f1o de 12 \u00d7 18 mm y es una creaci\u00f3n propia. Los elementos est\u00e1n enhebrados en una cinta, que consta de 49 hilos de acero m\u00e1s finos cubiertos con nailon. Esto asegura un nivel muy alto de durabilidad y, por lo tanto, resistencia al desgarro. Un broche de langosta ba\u00f1ado en oro forma el final. Cada pieza de joyer\u00eda est\u00e1 dise\u00f1ada con el coraz\u00f3n en mente y hecha a mano con amor.<\/p>","protected":false},"featured_media":4991,"template":"","meta":{"_themeisle_gutenberg_block_has_review":false},"product_cat":[22,142,45],"product_tag":[58,41,44,134],"jetpack_sharing_enabled":true,"_links":{"self":[{"href":"https:\/\/yvisdesign.com\/es\/wp-json\/wp\/v2\/product\/4993"}],"collection":[{"href":"https:\/\/yvisdesign.com\/es\/wp-json\/wp\/v2\/product"}],"about":[{"href":"https:\/\/yvisdesign.com\/es\/wp-json\/wp\/v2\/types\/product"}],"wp:featuredmedia":[{"embeddable":true,"href":"https:\/\/yvisdesign.com\/es\/wp-json\/wp\/v2\/media\/4991"}],"wp:attachment":[{"href":"https:\/\/yvisdesign.com\/es\/wp-json\/wp\/v2\/media?parent=4993"}],"wp:term":[{"taxonomy":"product_cat","embeddable":true,"href":"https:\/\/yvisdesign.com\/es\/wp-json\/wp\/v2\/product_cat?post=4993"},{"taxonomy":"product_tag","embeddable":true,"href":"https:\/\/yvisdesign.com\/es\/wp-json\/wp\/v2\/product_tag?post=4993"}],"curies":[{"name":"wp","href":"https:\/\/api.w.org\/{rel}","templated":true}]}}