{"id":4994,"date":"2021-10-10T21:50:29","date_gmt":"2021-10-10T19:50:29","guid":{"rendered":"https:\/\/yvisdesign.com\/?post_type=product&#038;p=4994"},"modified":"2025-11-08T16:20:03","modified_gmt":"2025-11-08T15:20:03","slug":"communicate","status":"publish","type":"product","link":"https:\/\/yvisdesign.com\/es\/producto\/communicate\/","title":{"rendered":"Communicate"},"content":{"rendered":"","protected":false},"excerpt":{"rendered":"<p>Esta hermosa pulsera consta de piedras turquesas facetadas de 3 mm de tama\u00f1o grande, que se ensartan en una banda el\u00e1stica de 0,7 mm de grosor. Consta de 2 pulseras unidas por 2 bolas de plata ba\u00f1adas en oro. Cada pieza de joyer\u00eda est\u00e1 dise\u00f1ada con el coraz\u00f3n en mente y hecha a mano con amor.<\/p>","protected":false},"featured_media":5000,"template":"","meta":{"_themeisle_gutenberg_block_has_review":false},"product_cat":[22,205,206],"product_tag":[33,34,58,134],"jetpack_sharing_enabled":true,"_links":{"self":[{"href":"https:\/\/yvisdesign.com\/es\/wp-json\/wp\/v2\/product\/4994"}],"collection":[{"href":"https:\/\/yvisdesign.com\/es\/wp-json\/wp\/v2\/product"}],"about":[{"href":"https:\/\/yvisdesign.com\/es\/wp-json\/wp\/v2\/types\/product"}],"wp:featuredmedia":[{"embeddable":true,"href":"https:\/\/yvisdesign.com\/es\/wp-json\/wp\/v2\/media\/5000"}],"wp:attachment":[{"href":"https:\/\/yvisdesign.com\/es\/wp-json\/wp\/v2\/media?parent=4994"}],"wp:term":[{"taxonomy":"product_cat","embeddable":true,"href":"https:\/\/yvisdesign.com\/es\/wp-json\/wp\/v2\/product_cat?post=4994"},{"taxonomy":"product_tag","embeddable":true,"href":"https:\/\/yvisdesign.com\/es\/wp-json\/wp\/v2\/product_tag?post=4994"}],"curies":[{"name":"wp","href":"https:\/\/api.w.org\/{rel}","templated":true}]}}