{"id":5004,"date":"2021-10-11T21:33:13","date_gmt":"2021-10-11T19:33:13","guid":{"rendered":"https:\/\/yvisdesign.com\/?post_type=product&#038;p=5004"},"modified":"2021-10-11T21:54:30","modified_gmt":"2021-10-11T19:54:30","slug":"__trashed","status":"publish","type":"product","link":"https:\/\/yvisdesign.com\/es\/producto\/__trashed\/","title":{"rendered":"Fly High"},"content":{"rendered":"","protected":false},"excerpt":{"rendered":"<p>Este hermoso collar consta de bolas grandes de shungit de 6 mm y mide aproximadamente 42 cm de largo. En medio de la cadena hay un \u00e1ngel de plata 925 ba\u00f1ado en oro. El \u00e1ngel es una creaci\u00f3n propia y tiene un tama\u00f1o de 14 x 15 mm. Los elementos est\u00e1n enhebrados en una cinta, que consta de 49 hilos de acero m\u00e1s finos cubiertos con nailon. Esto asegura un nivel muy alto de durabilidad y, por lo tanto, resistencia al desgarro. Un broche de langosta ba\u00f1ado en oro forma el final. Cada pieza de joyer\u00eda est\u00e1 dise\u00f1ada con el coraz\u00f3n en mente y hecha a mano con amor.<\/p>","protected":false},"featured_media":5001,"template":"","meta":{"_themeisle_gutenberg_block_has_review":false},"product_cat":[22,142,26],"product_tag":[58,41,210,134],"jetpack_sharing_enabled":true,"_links":{"self":[{"href":"https:\/\/yvisdesign.com\/es\/wp-json\/wp\/v2\/product\/5004"}],"collection":[{"href":"https:\/\/yvisdesign.com\/es\/wp-json\/wp\/v2\/product"}],"about":[{"href":"https:\/\/yvisdesign.com\/es\/wp-json\/wp\/v2\/types\/product"}],"wp:featuredmedia":[{"embeddable":true,"href":"https:\/\/yvisdesign.com\/es\/wp-json\/wp\/v2\/media\/5001"}],"wp:attachment":[{"href":"https:\/\/yvisdesign.com\/es\/wp-json\/wp\/v2\/media?parent=5004"}],"wp:term":[{"taxonomy":"product_cat","embeddable":true,"href":"https:\/\/yvisdesign.com\/es\/wp-json\/wp\/v2\/product_cat?post=5004"},{"taxonomy":"product_tag","embeddable":true,"href":"https:\/\/yvisdesign.com\/es\/wp-json\/wp\/v2\/product_tag?post=5004"}],"curies":[{"name":"wp","href":"https:\/\/api.w.org\/{rel}","templated":true}]}}