{"id":5010,"date":"2021-10-19T13:06:48","date_gmt":"2021-10-19T11:06:48","guid":{"rendered":"https:\/\/yvisdesign.com\/?post_type=product&#038;p=5010"},"modified":"2021-10-19T13:20:27","modified_gmt":"2021-10-19T11:20:27","slug":"holy-soul-4","status":"publish","type":"product","link":"https:\/\/yvisdesign.com\/es\/producto\/holy-soul-4\/","title":{"rendered":"Holy Soul"},"content":{"rendered":"","protected":false},"excerpt":{"rendered":"<p>Este hermoso collar mide aproximadamente 48 cm de largo y consta de 8 mm de lava redonda pulida y bolas de rudraksha. En el centro de la cadena hay un s\u00edmbolo OM grande de 12 mm realizado en plata 925. Los elementos est\u00e1n enhebrados en una cinta, que consta de 49 hilos de acero m\u00e1s finos cubiertos con nailon. Esto asegura un nivel muy alto de durabilidad y, por lo tanto, resistencia al desgarro. Un broche de langosta de plata forma el final. Cada pieza de joyer\u00eda est\u00e1 dise\u00f1ada con el coraz\u00f3n en mente y hecha a mano con amor.<\/p>","protected":false},"featured_media":5008,"template":"","meta":{"_themeisle_gutenberg_block_has_review":false},"product_cat":[21,31],"product_tag":[44,56,55],"jetpack_sharing_enabled":true,"_links":{"self":[{"href":"https:\/\/yvisdesign.com\/es\/wp-json\/wp\/v2\/product\/5010"}],"collection":[{"href":"https:\/\/yvisdesign.com\/es\/wp-json\/wp\/v2\/product"}],"about":[{"href":"https:\/\/yvisdesign.com\/es\/wp-json\/wp\/v2\/types\/product"}],"wp:featuredmedia":[{"embeddable":true,"href":"https:\/\/yvisdesign.com\/es\/wp-json\/wp\/v2\/media\/5008"}],"wp:attachment":[{"href":"https:\/\/yvisdesign.com\/es\/wp-json\/wp\/v2\/media?parent=5010"}],"wp:term":[{"taxonomy":"product_cat","embeddable":true,"href":"https:\/\/yvisdesign.com\/es\/wp-json\/wp\/v2\/product_cat?post=5010"},{"taxonomy":"product_tag","embeddable":true,"href":"https:\/\/yvisdesign.com\/es\/wp-json\/wp\/v2\/product_tag?post=5010"}],"curies":[{"name":"wp","href":"https:\/\/api.w.org\/{rel}","templated":true}]}}