{"id":5114,"date":"2021-11-17T19:50:32","date_gmt":"2021-11-17T18:50:32","guid":{"rendered":"https:\/\/yvisdesign.com\/?post_type=product&#038;p=5114"},"modified":"2021-11-17T19:57:41","modified_gmt":"2021-11-17T18:57:41","slug":"heart-couple","status":"publish","type":"product","link":"https:\/\/yvisdesign.com\/es\/producto\/heart-couple\/","title":{"rendered":"Heart Couple"},"content":{"rendered":"","protected":false},"excerpt":{"rendered":"<p>Estos pendientes de filigrana en forma de coraz\u00f3n est\u00e1n hechos de plata 925. El coraz\u00f3n tiene un tama\u00f1o de 1,1 x 0,9 mm. Cada pieza de joyer\u00eda est\u00e1 dise\u00f1ada con el coraz\u00f3n en mente y hecha a mano con amor.<\/p>","protected":false},"featured_media":5115,"template":"","meta":{"_themeisle_gutenberg_block_has_review":false},"product_cat":[22,28],"product_tag":[58,41,38,35],"jetpack_sharing_enabled":true,"_links":{"self":[{"href":"https:\/\/yvisdesign.com\/es\/wp-json\/wp\/v2\/product\/5114"}],"collection":[{"href":"https:\/\/yvisdesign.com\/es\/wp-json\/wp\/v2\/product"}],"about":[{"href":"https:\/\/yvisdesign.com\/es\/wp-json\/wp\/v2\/types\/product"}],"wp:featuredmedia":[{"embeddable":true,"href":"https:\/\/yvisdesign.com\/es\/wp-json\/wp\/v2\/media\/5115"}],"wp:attachment":[{"href":"https:\/\/yvisdesign.com\/es\/wp-json\/wp\/v2\/media?parent=5114"}],"wp:term":[{"taxonomy":"product_cat","embeddable":true,"href":"https:\/\/yvisdesign.com\/es\/wp-json\/wp\/v2\/product_cat?post=5114"},{"taxonomy":"product_tag","embeddable":true,"href":"https:\/\/yvisdesign.com\/es\/wp-json\/wp\/v2\/product_tag?post=5114"}],"curies":[{"name":"wp","href":"https:\/\/api.w.org\/{rel}","templated":true}]}}