{"id":5149,"date":"2021-12-13T16:59:54","date_gmt":"2021-12-13T15:59:54","guid":{"rendered":"https:\/\/yvisdesign.com\/?post_type=product&#038;p=5149"},"modified":"2025-11-08T16:01:27","modified_gmt":"2025-11-08T15:01:27","slug":"heart-dream-2","status":"publish","type":"product","link":"https:\/\/yvisdesign.com\/es\/producto\/heart-dream-2\/","title":{"rendered":"Heart Dream"},"content":{"rendered":"","protected":false},"excerpt":{"rendered":"<p>Este brazalete con sus hermoso coraz\u00f3n est\u00e1 hecho de plata 925. El brazalete es una creaci\u00f3n propia. Cada pieza de joyer\u00eda est\u00e1 dise\u00f1ada con el coraz\u00f3n en mente y hecha a mano con amor.<\/p>","protected":false},"featured_media":5808,"template":"","meta":{"_themeisle_gutenberg_block_has_review":false},"product_cat":[22,205,150],"product_tag":[147,34,58,35],"jetpack_sharing_enabled":true,"_links":{"self":[{"href":"https:\/\/yvisdesign.com\/es\/wp-json\/wp\/v2\/product\/5149"}],"collection":[{"href":"https:\/\/yvisdesign.com\/es\/wp-json\/wp\/v2\/product"}],"about":[{"href":"https:\/\/yvisdesign.com\/es\/wp-json\/wp\/v2\/types\/product"}],"wp:featuredmedia":[{"embeddable":true,"href":"https:\/\/yvisdesign.com\/es\/wp-json\/wp\/v2\/media\/5808"}],"wp:attachment":[{"href":"https:\/\/yvisdesign.com\/es\/wp-json\/wp\/v2\/media?parent=5149"}],"wp:term":[{"taxonomy":"product_cat","embeddable":true,"href":"https:\/\/yvisdesign.com\/es\/wp-json\/wp\/v2\/product_cat?post=5149"},{"taxonomy":"product_tag","embeddable":true,"href":"https:\/\/yvisdesign.com\/es\/wp-json\/wp\/v2\/product_tag?post=5149"}],"curies":[{"name":"wp","href":"https:\/\/api.w.org\/{rel}","templated":true}]}}