{"id":5416,"date":"2022-03-11T15:52:46","date_gmt":"2022-03-11T14:52:46","guid":{"rendered":"https:\/\/yvisdesign.com\/?post_type=product&#038;p=5416"},"modified":"2022-03-11T19:10:16","modified_gmt":"2022-03-11T18:10:16","slug":"saphier-and-pearls","status":"publish","type":"product","link":"https:\/\/yvisdesign.com\/es\/producto\/saphier-and-pearls\/","title":{"rendered":"Saphier and Pearls"},"content":{"rendered":"","protected":false},"excerpt":{"rendered":"<p>Diese wundersch\u00f6ne Halskette ist ca. 60 cm lang. Sie besteht aus ca. 30 cm vergoldeter 925er Silberkette und aus 4 mm facettierten Saphier Steinen in die drei ca. 6 mm gro\u00dfe ros\u00e9 farbige S\u00fc\u00dfwasserzuchtperlen eingearbeitet sind. Jedes Schmuckst\u00fcck wird mit dem Herzen entworfen und in liebevoller Handarbeit erstellt.<\/p>","protected":false},"featured_media":5429,"template":"","meta":{"_themeisle_gutenberg_block_has_review":false},"product_cat":[22,142,45],"product_tag":[58,41,44,134],"jetpack_sharing_enabled":true,"_links":{"self":[{"href":"https:\/\/yvisdesign.com\/es\/wp-json\/wp\/v2\/product\/5416"}],"collection":[{"href":"https:\/\/yvisdesign.com\/es\/wp-json\/wp\/v2\/product"}],"about":[{"href":"https:\/\/yvisdesign.com\/es\/wp-json\/wp\/v2\/types\/product"}],"wp:featuredmedia":[{"embeddable":true,"href":"https:\/\/yvisdesign.com\/es\/wp-json\/wp\/v2\/media\/5429"}],"wp:attachment":[{"href":"https:\/\/yvisdesign.com\/es\/wp-json\/wp\/v2\/media?parent=5416"}],"wp:term":[{"taxonomy":"product_cat","embeddable":true,"href":"https:\/\/yvisdesign.com\/es\/wp-json\/wp\/v2\/product_cat?post=5416"},{"taxonomy":"product_tag","embeddable":true,"href":"https:\/\/yvisdesign.com\/es\/wp-json\/wp\/v2\/product_tag?post=5416"}],"curies":[{"name":"wp","href":"https:\/\/api.w.org\/{rel}","templated":true}]}}