{"id":5425,"date":"2022-03-11T16:43:04","date_gmt":"2022-03-11T15:43:04","guid":{"rendered":"https:\/\/yvisdesign.com\/?post_type=product&#038;p=5425"},"modified":"2022-03-11T19:06:47","modified_gmt":"2022-03-11T18:06:47","slug":"good-vibes","status":"publish","type":"product","link":"https:\/\/yvisdesign.com\/es\/producto\/good-vibes\/","title":{"rendered":"Good vibes"},"content":{"rendered":"","protected":false},"excerpt":{"rendered":"<p>Diese wundersch\u00f6ne Halskette ist ca. 60 cm lang. Sie besteht aus ca. 30 cm vergoldeter 925er Silberkette und aus 4 mm gro\u00dfen, facettierten Amethyststeinen in die ein 8 mm gro\u00dfes Herz und ein 20&#215;7 mm gro\u00dfer Engelsfl\u00fcgel eingearbeitet. Beide Elemente bestehen aus vergoldetem 925er Silber. Jedes Schmuckst\u00fcck ist mit dem Herzen entworfen und in liebevoller Handarbeit erstellt.<\/p>","protected":false},"featured_media":5428,"template":"","meta":{"_themeisle_gutenberg_block_has_review":false},"product_cat":[22,142,45],"product_tag":[58,41,44,134],"jetpack_sharing_enabled":true,"_links":{"self":[{"href":"https:\/\/yvisdesign.com\/es\/wp-json\/wp\/v2\/product\/5425"}],"collection":[{"href":"https:\/\/yvisdesign.com\/es\/wp-json\/wp\/v2\/product"}],"about":[{"href":"https:\/\/yvisdesign.com\/es\/wp-json\/wp\/v2\/types\/product"}],"wp:featuredmedia":[{"embeddable":true,"href":"https:\/\/yvisdesign.com\/es\/wp-json\/wp\/v2\/media\/5428"}],"wp:attachment":[{"href":"https:\/\/yvisdesign.com\/es\/wp-json\/wp\/v2\/media?parent=5425"}],"wp:term":[{"taxonomy":"product_cat","embeddable":true,"href":"https:\/\/yvisdesign.com\/es\/wp-json\/wp\/v2\/product_cat?post=5425"},{"taxonomy":"product_tag","embeddable":true,"href":"https:\/\/yvisdesign.com\/es\/wp-json\/wp\/v2\/product_tag?post=5425"}],"curies":[{"name":"wp","href":"https:\/\/api.w.org\/{rel}","templated":true}]}}