{"id":5436,"date":"2022-03-21T11:26:19","date_gmt":"2022-03-21T10:26:19","guid":{"rendered":"https:\/\/yvisdesign.com\/?post_type=product&#038;p=5436"},"modified":"2025-11-08T10:57:21","modified_gmt":"2025-11-08T09:57:21","slug":"malachit-power","status":"publish","type":"product","link":"https:\/\/yvisdesign.com\/es\/producto\/malachit-power\/","title":{"rendered":"Malachit Power"},"content":{"rendered":"<p>1<\/p>","protected":false},"excerpt":{"rendered":"<p>Dieses wundersch\u00f6ne Armband besteht aus 4 mm gro\u00dfen Malachit Kugeln, die auf einem 0,7 mm dicken, elastischen Band gef\u00e4delt sind. Es ist ein Herz, aus der Kollektion von YvisDesign, eingearbeitet. Dieses ist 1,1 x 0,9 mm gro\u00df und besteht aus vergoldetem 925er Silber. Jedes Schmuckst\u00fcck wird mit dem Herzen entworfen und in liebevoller Handarbeit erstellt.<\/p>","protected":false},"featured_media":5365,"template":"","meta":{"_themeisle_gutenberg_block_has_review":false},"product_cat":[22,205,206],"product_tag":[34,58,134],"jetpack_sharing_enabled":true,"_links":{"self":[{"href":"https:\/\/yvisdesign.com\/es\/wp-json\/wp\/v2\/product\/5436"}],"collection":[{"href":"https:\/\/yvisdesign.com\/es\/wp-json\/wp\/v2\/product"}],"about":[{"href":"https:\/\/yvisdesign.com\/es\/wp-json\/wp\/v2\/types\/product"}],"wp:featuredmedia":[{"embeddable":true,"href":"https:\/\/yvisdesign.com\/es\/wp-json\/wp\/v2\/media\/5365"}],"wp:attachment":[{"href":"https:\/\/yvisdesign.com\/es\/wp-json\/wp\/v2\/media?parent=5436"}],"wp:term":[{"taxonomy":"product_cat","embeddable":true,"href":"https:\/\/yvisdesign.com\/es\/wp-json\/wp\/v2\/product_cat?post=5436"},{"taxonomy":"product_tag","embeddable":true,"href":"https:\/\/yvisdesign.com\/es\/wp-json\/wp\/v2\/product_tag?post=5436"}],"curies":[{"name":"wp","href":"https:\/\/api.w.org\/{rel}","templated":true}]}}