{"id":5726,"date":"2022-08-15T10:04:03","date_gmt":"2022-08-15T08:04:03","guid":{"rendered":"https:\/\/yvisdesign.com\/?post_type=product&#038;p=5726"},"modified":"2022-08-15T10:04:03","modified_gmt":"2022-08-15T08:04:03","slug":"ocean-couple-2","status":"publish","type":"product","link":"https:\/\/yvisdesign.com\/es\/producto\/ocean-couple-2\/","title":{"rendered":"Ocean Couple"},"content":{"rendered":"","protected":false},"excerpt":{"rendered":"<p>Diese Anh\u00e4nger f\u00fcr Creolen bestehen aus jeweils einer ca. 18 x 12mm gro\u00dfen, echten Muschel und jeweils einer 3 mm diamantierten, vergoldeten 925er Silberkugel. Es werden echte Muscheln verwendet, die Gr\u00f6\u00dfe der Muschel k\u00f6nnen daher variieren. Den Abschluss bildet der vergoldete Verschluss. Jedes Schmuckst\u00fcck wird mit dem Herzen entworfen und in liebevoller Handarbeit erstellt.<\/p>","protected":false},"featured_media":5727,"template":"","meta":{"_themeisle_gutenberg_block_has_review":false},"product_cat":[22,28],"product_tag":[58,41,38,134],"jetpack_sharing_enabled":true,"_links":{"self":[{"href":"https:\/\/yvisdesign.com\/es\/wp-json\/wp\/v2\/product\/5726"}],"collection":[{"href":"https:\/\/yvisdesign.com\/es\/wp-json\/wp\/v2\/product"}],"about":[{"href":"https:\/\/yvisdesign.com\/es\/wp-json\/wp\/v2\/types\/product"}],"wp:featuredmedia":[{"embeddable":true,"href":"https:\/\/yvisdesign.com\/es\/wp-json\/wp\/v2\/media\/5727"}],"wp:attachment":[{"href":"https:\/\/yvisdesign.com\/es\/wp-json\/wp\/v2\/media?parent=5726"}],"wp:term":[{"taxonomy":"product_cat","embeddable":true,"href":"https:\/\/yvisdesign.com\/es\/wp-json\/wp\/v2\/product_cat?post=5726"},{"taxonomy":"product_tag","embeddable":true,"href":"https:\/\/yvisdesign.com\/es\/wp-json\/wp\/v2\/product_tag?post=5726"}],"curies":[{"name":"wp","href":"https:\/\/api.w.org\/{rel}","templated":true}]}}