{"id":5801,"date":"2022-12-17T14:14:48","date_gmt":"2022-12-17T13:14:48","guid":{"rendered":"https:\/\/yvisdesign.com\/?post_type=product&#038;p=5801"},"modified":"2022-12-17T14:14:48","modified_gmt":"2022-12-17T13:14:48","slug":"dolphins-2","status":"publish","type":"product","link":"https:\/\/yvisdesign.com\/es\/producto\/dolphins-2\/","title":{"rendered":"Dolphins"},"content":{"rendered":"","protected":false},"excerpt":{"rendered":"<p>In diese filigrane Silberkette wurden 2 Delphine eingearbeitet. Die Kette besteht aus 925 er Silber und die Delphine haben eine Gr\u00f6\u00dfe von ca. 16 x 8 mm. Die Delphine sind nach meinem Entwurf angefertigt worden. Jedes Schmuckst\u00fcck wird mit dem Herzen entworfen und in liebevoller Handarbeit erstellt<\/p>","protected":false},"featured_media":5802,"template":"","meta":{"_themeisle_gutenberg_block_has_review":false},"product_cat":[21,31],"product_tag":[210,56,55,35],"jetpack_sharing_enabled":true,"_links":{"self":[{"href":"https:\/\/yvisdesign.com\/es\/wp-json\/wp\/v2\/product\/5801"}],"collection":[{"href":"https:\/\/yvisdesign.com\/es\/wp-json\/wp\/v2\/product"}],"about":[{"href":"https:\/\/yvisdesign.com\/es\/wp-json\/wp\/v2\/types\/product"}],"wp:featuredmedia":[{"embeddable":true,"href":"https:\/\/yvisdesign.com\/es\/wp-json\/wp\/v2\/media\/5802"}],"wp:attachment":[{"href":"https:\/\/yvisdesign.com\/es\/wp-json\/wp\/v2\/media?parent=5801"}],"wp:term":[{"taxonomy":"product_cat","embeddable":true,"href":"https:\/\/yvisdesign.com\/es\/wp-json\/wp\/v2\/product_cat?post=5801"},{"taxonomy":"product_tag","embeddable":true,"href":"https:\/\/yvisdesign.com\/es\/wp-json\/wp\/v2\/product_tag?post=5801"}],"curies":[{"name":"wp","href":"https:\/\/api.w.org\/{rel}","templated":true}]}}