{"id":6409,"date":"2024-10-06T13:34:48","date_gmt":"2024-10-06T11:34:48","guid":{"rendered":"https:\/\/yvisdesign.com\/?post_type=product&#038;p=6409"},"modified":"2025-11-08T10:55:17","modified_gmt":"2025-11-08T09:55:17","slug":"cleaning","status":"publish","type":"product","link":"https:\/\/yvisdesign.com\/es\/producto\/cleaning\/","title":{"rendered":"Protect"},"content":{"rendered":"","protected":false},"excerpt":{"rendered":"<p>Die Armkette besteht aus 6 mm gro\u00dfen, facettierten Bergkristall Steinen, und H\u00e4matit Steinen, die auf einem 0,7 mm dicken, elastischen Band gef\u00e4delt sind.\u00a0 Jedes Schmuckst\u00fcck wird mit dem Herzen entworfen und in liebevoller Handarbeit erstellt.<\/p>","protected":false},"featured_media":6435,"template":"","meta":{"_themeisle_gutenberg_block_has_review":false},"product_cat":[22,205,206],"product_tag":[33,207,34],"jetpack_sharing_enabled":true,"_links":{"self":[{"href":"https:\/\/yvisdesign.com\/es\/wp-json\/wp\/v2\/product\/6409"}],"collection":[{"href":"https:\/\/yvisdesign.com\/es\/wp-json\/wp\/v2\/product"}],"about":[{"href":"https:\/\/yvisdesign.com\/es\/wp-json\/wp\/v2\/types\/product"}],"wp:featuredmedia":[{"embeddable":true,"href":"https:\/\/yvisdesign.com\/es\/wp-json\/wp\/v2\/media\/6435"}],"wp:attachment":[{"href":"https:\/\/yvisdesign.com\/es\/wp-json\/wp\/v2\/media?parent=6409"}],"wp:term":[{"taxonomy":"product_cat","embeddable":true,"href":"https:\/\/yvisdesign.com\/es\/wp-json\/wp\/v2\/product_cat?post=6409"},{"taxonomy":"product_tag","embeddable":true,"href":"https:\/\/yvisdesign.com\/es\/wp-json\/wp\/v2\/product_tag?post=6409"}],"curies":[{"name":"wp","href":"https:\/\/api.w.org\/{rel}","templated":true}]}}