{"id":6424,"date":"2024-10-06T15:35:00","date_gmt":"2024-10-06T13:35:00","guid":{"rendered":"https:\/\/yvisdesign.com\/?post_type=product&#038;p=6424"},"modified":"2025-11-08T10:49:27","modified_gmt":"2025-11-08T09:49:27","slug":"make-me-happy","status":"publish","type":"product","link":"https:\/\/yvisdesign.com\/es\/producto\/make-me-happy\/","title":{"rendered":"Make me happy"},"content":{"rendered":"","protected":false},"excerpt":{"rendered":"<p>Dieses wundersch\u00f6ne Armband besteht aus 6 mm gro\u00dfen Bergkristall, Rosenquarz, Aquamarin und Apatit Kugeln. Alle Kugeln sind auf ein 0,7 mm dickes, elastisches Band gef\u00e4delt. Jedes Schmuckst\u00fcck wird mit dem Herzen entworfen und in liebevoller Handarbeit erstellt.<\/p>","protected":false},"featured_media":6436,"template":"","meta":{"_themeisle_gutenberg_block_has_review":false},"product_cat":[22,205,206],"product_tag":[],"jetpack_sharing_enabled":true,"_links":{"self":[{"href":"https:\/\/yvisdesign.com\/es\/wp-json\/wp\/v2\/product\/6424"}],"collection":[{"href":"https:\/\/yvisdesign.com\/es\/wp-json\/wp\/v2\/product"}],"about":[{"href":"https:\/\/yvisdesign.com\/es\/wp-json\/wp\/v2\/types\/product"}],"wp:featuredmedia":[{"embeddable":true,"href":"https:\/\/yvisdesign.com\/es\/wp-json\/wp\/v2\/media\/6436"}],"wp:attachment":[{"href":"https:\/\/yvisdesign.com\/es\/wp-json\/wp\/v2\/media?parent=6424"}],"wp:term":[{"taxonomy":"product_cat","embeddable":true,"href":"https:\/\/yvisdesign.com\/es\/wp-json\/wp\/v2\/product_cat?post=6424"},{"taxonomy":"product_tag","embeddable":true,"href":"https:\/\/yvisdesign.com\/es\/wp-json\/wp\/v2\/product_tag?post=6424"}],"curies":[{"name":"wp","href":"https:\/\/api.w.org\/{rel}","templated":true}]}}